{"id":8298,"date":"2020-02-09T18:44:33","date_gmt":"2020-02-09T18:44:33","guid":{"rendered":"http:\/\/scoalagheorghelazar.ro\/site\/?page_id=8298"},"modified":"2025-11-13T16:53:18","modified_gmt":"2025-11-13T14:53:18","slug":"personal","status":"publish","type":"page","link":"https:\/\/www.scoalagheorghelazar.ro\/?page_id=8298","title":{"rendered":"Personal"},"content":{"rendered":"<p style=\"text-align: center;\"><strong>RESURSE UMANE &#8211; PERSONAL DIDACTIC<br \/>\n<\/strong><strong>\u0218COALA GIMNAZIAL\u0102 \u201cGHEORGHE LAZ\u0102R\u201d CORBU<\/strong><\/p>\n<p style=\"text-align: center;\"><strong>2025 \u2013 2026<\/strong><\/p>\n<p><strong>\u00ceNV\u0102\u021a\u0102TORI<\/strong><\/p>\n<ul>\n<li>CLASA PREG\u0102TITOARE A \u2013 \u00ceNV. <b>VELICU ANA-MARIA<\/b><\/li>\n<li>CLASA PREG\u0102TITOARE B \u2013  PROF. \u00ceNV. PRIMAR <b>COJOCARU RALUCA-CRISTINA<\/b><\/li>\n<li>CLASA I A \u2013 PROF. \u00ceNV. PRIMAR <b>G\u0102LBINA\u0218U GHEORGHI\u021aA <\/b><\/li>\n<li>CLASA I B \u2013  PROF. \u00ceNV. PRIMAR  <b>HANU MIRELA<\/b><\/li>\n<li>CLASA  a II-a A \u2013 PROF. \u00ceNV. PRIMAR <b>CURTEANU LOREDANA<\/b><\/li>\n<li>CLASA  a II-a B \u2013 PROF. \u00ceNV. PRIMAR <b>ENACHE NELA<\/b><\/li>\n<li>CLASA  a III-a A \u2013 PROF. \u00ceNV. PRIMAR <b>RISTEA ANI\u0218OARA<\/b><\/li>\n<li>CLASA  a III-a B \u2013 PROF. \u00ceNV. PRIMAR <b>BADEA ELENA<\/b><\/li>\n<li>CLASA  a IV-a A \u2013 PROF. \u00ceNV. PRIMAR <b>S\u00c2RBU C\u0102T\u0102LIN<\/b><\/li>\n<li>CLASA  a IV-a A \u2013 INST. <b>MANOLACHE DUMITRA<\/b><\/li>\n<\/ul>\n<p>&nbsp;<\/p>\n<p><strong>DIRIGIN\u021aI<\/strong><\/p>\n<ul>\n<li>Clasa a V-a A \u2013 <b>JURAVLE ANCA-SILVIA<\/b><\/li>\n<li>Clasa a V-a B &#8211; <b>MOCANU CORNELIA <\/b><\/li>\n<li>Clasa a VI-a  \u2013 <b>GRECU CARMEN <\/b><\/li>\n<li>Clasa a VII-a  \u2013  <b>PETRESCU MARIA-STELIANA <\/b><\/li>\n<li>Clasa aVIII-a A \u2013 <b>MARIN DORINA <\/b><\/li>\n<li>Clasa a VIII-a B \u2013 <b>VARVARA DANIELA-MARIA<\/b><\/li>\n<\/ul>\n<hr \/>\n<p style=\"text-align: center;\"><strong>RESURSE UMANE &#8211; PERSONAL DIDACTIC<br \/>\n<\/strong><strong>STRUCTURA <\/strong><strong>\u0218COALA GIMNAZIAL\u0102 \u201cVASILE ALECSANDRI\u201d CORBU<\/strong><\/p>\n<p style=\"text-align: center;\"><strong>2025-2026<\/strong><\/p>\n<p><strong>\u00ceNV\u0102\u021a\u0102TORI<\/strong><\/p>\n<ul>\n<li>Clasa I \u2013  PROF. \u00ceNV. PRIMAR <b> MUNTEANU  GEORGIANA <\/b><\/li>\n<li>Clasa a II-a \u2013 PROF. \u00ceNV. PRIMAR  <b>ALEXA ELENA-DANA<\/b><\/li>\n<li>Clasa a III-a \u2013  PROF. \u00ceNV. PRIMAR  <b>MUST\u0102\u021aEA LAVINIA<\/b><\/li>\n<li>Clasa a IV-a  \u2013  PROF. \u00ceNV. PRIMAR  <b>MOGO\u0218 GEORGIANA<\/b><\/li>\n<\/ul>\n<p>&nbsp;<\/p>\n<p><strong>DIRIGIN\u021aI<\/strong><\/p>\n<ul>\n<li>Clasa a V-a \u2013 <b>ALI IEASEMEN <\/b><\/li>\n<li>Clasa aVI-a \u2013 <b>IFRIM ALINA<\/b><\/li>\n<li>Clasa a VII-a \u2013 <b>OPREA VIRGIL-BOGDAN<\/b><\/li>\n<hr \/>\n<p style=\"text-align: center;\"><strong>RESURSE UMANE &#8211; PERSONAL DIDACTIC<br \/>\n<\/strong><strong>STRUCTURA \u0218COALA PRIMAR\u0102 VADU<br \/>\n<\/strong><strong>2025 \u2013 2026<\/strong><\/p>\n<p><strong>\u00ceNV\u0102\u021a\u0102TORI<\/strong><\/p>\n<ul>\n<li>Clasa Preg\u0103titoare \u2013 \u00cenv.  <b>COCEANG\u0102 AURELIA<\/b><\/li>\n<li>Clasa I \u2013 \u00cenv.  <b>COCEANG\u0102 AURELIA<\/b><\/li>\n<li>Clasa a III-a \u2013 \u00cenv.  <b>COCEANG\u0102 AURELIA<\/b><\/li>\n<li>Clasa a IV-a\u2013 \u00cenv.  <b>COCEANG\u0102 AURELIA<\/b><\/li>\n<\/ul>\n<hr \/>\n<p style=\"text-align: center;\"><strong>RESURSE UMANE &#8211; PERSONAL DIDACTIC<br \/>\n<\/strong><strong>GR\u0102DINI\u021aA CU PROGRAM NORMAL NR.1 CORBU<br \/>\n<\/strong><strong>2025-2026<\/strong><\/p>\n<ul>\n<li>Grupa mic\u0103 \u2013 Educ.   <b>DUMITRU LAURA-ELENA<\/b><\/li>\n<li>Grupa mijlocie \u2013 PROF. \u00ceNV. PRE\u0218COLAR   <b>CHENARU GEORGETA-GABRIELA<\/b><\/li>\n<li>Grupa mare A \u2013  PROF. \u00ceNV. PRE\u0218COLAR  <b>MIRESCU FLORINA-CORNELIA<\/b><\/li>\n<li>Grupa mare  B \u2013  PROF. \u00ceNV. PRE\u0218COLAR  <b>GRECU IULIA<\/b><\/li>\n<\/ul>\n<hr \/>\n<p style=\"text-align: center;\"><strong>RESURSE UMANE &#8211; PERSONAL DIDACTIC<br \/>\n<\/strong><strong>GR\u0102DINI\u021aA CU PROGRAM NORMAL NR.2 CORBU<br \/>\n<\/strong><strong>2025 \u2013 2026<\/strong><\/p>\n<ul><\/b><\/li>\n<li>Grupa mic\u0103-mijlocie \u2013  PROF. \u00ceNV. PRE\u0218COLAR  <b>DINC\u0102 DENISA-ANAMARIA<\/b><\/li>\n<li>Grupa mare \u2013 PROF. \u00ceNV. PRE\u0218COLAR  <b>ENE RALUCA-ANDREEA<\/b><\/li>\n<\/ul>\n<hr \/>\n<p style=\"text-align: center;\"><strong>RESURSE UMANE &#8211; PERSONAL DIDACTIC<br \/>\n<\/strong><strong>GR\u0102DINI\u021aA CU PROGRAM NORMAL VADU<br \/>\n<\/strong><strong>2025 \u2013 2026<\/strong><\/p>\n<ul>\n<li>Grupa mixt\u0103 \u2013  PROF. \u00ceNV. PRE\u0218COLAR  <b>LINTE ELENA-C\u0102T\u0102LINA<\/b><\/li>\n<\/ul>\n","protected":false},"excerpt":{"rendered":"<p>RESURSE UMANE &#8211; PERSONAL DIDACTIC \u0218COALA GIMNAZIAL\u0102 \u201cGHEORGHE LAZ\u0102R\u201d CORBU 2025 \u2013 2026 \u00ceNV\u0102\u021a\u0102TORI CLASA PREG\u0102TITOARE A \u2013 \u00ceNV. VELICU ANA-MARIA CLASA PREG\u0102TITOARE B \u2013 PROF. \u00ceNV. PRIMAR COJOCARU RALUCA-CRISTINA CLASA I A \u2013 PROF. \u00ceNV. PRIMAR G\u0102LBINA\u0218U GHEORGHI\u021aA CLASA I B \u2013 PROF. \u00ceNV. PRIMAR HANU MIRELA CLASA a II-a A \u2013 PROF. \u00ceNV. [&hellip;]<\/p>\n","protected":false},"author":1,"featured_media":0,"parent":0,"menu_order":0,"comment_status":"closed","ping_status":"closed","template":"","meta":{"footnotes":""},"class_list":["post-8298","page","type-page","status-publish","hentry"],"yoast_head":"<!-- This site is optimized with the Yoast SEO plugin v16.0.2 - https:\/\/yoast.com\/wordpress\/plugins\/seo\/ -->\n<title>Personal - \u0218coala Gimnazial\u0103 &quot;Gheorghe Laz\u0103r&quot; Corbu<\/title>\n<link rel=\"canonical\" href=\"https:\/\/www.scoalagheorghelazar.ro\/?page_id=8298\" \/>\n<meta property=\"og:locale\" content=\"ro_RO\" \/>\n<meta property=\"og:type\" content=\"article\" \/>\n<meta property=\"og:title\" content=\"Personal - \u0218coala Gimnazial\u0103 &quot;Gheorghe Laz\u0103r&quot; Corbu\" \/>\n<meta property=\"og:description\" content=\"RESURSE UMANE &#8211; PERSONAL DIDACTIC \u0218COALA GIMNAZIAL\u0102 \u201cGHEORGHE LAZ\u0102R\u201d CORBU 2025 \u2013 2026 \u00ceNV\u0102\u021a\u0102TORI CLASA PREG\u0102TITOARE A \u2013 \u00ceNV. VELICU ANA-MARIA CLASA PREG\u0102TITOARE B \u2013 PROF. \u00ceNV. PRIMAR COJOCARU RALUCA-CRISTINA CLASA I A \u2013 PROF. \u00ceNV. PRIMAR G\u0102LBINA\u0218U GHEORGHI\u021aA CLASA I B \u2013 PROF. \u00ceNV. PRIMAR HANU MIRELA CLASA a II-a A \u2013 PROF. \u00ceNV. [&hellip;]\" \/>\n<meta property=\"og:url\" content=\"https:\/\/www.scoalagheorghelazar.ro\/?page_id=8298\" \/>\n<meta property=\"og:site_name\" content=\"\u0218coala Gimnazial\u0103 &quot;Gheorghe Laz\u0103r&quot; Corbu\" \/>\n<meta property=\"article:modified_time\" content=\"2025-11-13T14:53:18+00:00\" \/>\n<meta name=\"twitter:card\" content=\"summary_large_image\" \/>\n<meta name=\"twitter:label1\" content=\"Timp estimat pentru citire\">\n\t<meta name=\"twitter:data1\" content=\"2 minute\">\n<script type=\"application\/ld+json\" class=\"yoast-schema-graph\">{\"@context\":\"https:\/\/schema.org\",\"@graph\":[{\"@type\":\"WebSite\",\"@id\":\"http:\/\/www.scoalagheorghelazar.ro\/#website\",\"url\":\"http:\/\/www.scoalagheorghelazar.ro\/\",\"name\":\"\\u0218coala Gimnazial\\u0103 &quot;Gheorghe Laz\\u0103r&quot; Corbu\",\"description\":\"\\u0218anse egale la educa\\u021bie\",\"potentialAction\":[{\"@type\":\"SearchAction\",\"target\":\"http:\/\/www.scoalagheorghelazar.ro\/?s={search_term_string}\",\"query-input\":\"required name=search_term_string\"}],\"inLanguage\":\"ro-RO\"},{\"@type\":\"WebPage\",\"@id\":\"https:\/\/www.scoalagheorghelazar.ro\/?page_id=8298#webpage\",\"url\":\"https:\/\/www.scoalagheorghelazar.ro\/?page_id=8298\",\"name\":\"Personal - \\u0218coala Gimnazial\\u0103 &quot;Gheorghe Laz\\u0103r&quot; Corbu\",\"isPartOf\":{\"@id\":\"http:\/\/www.scoalagheorghelazar.ro\/#website\"},\"datePublished\":\"2020-02-09T18:44:33+00:00\",\"dateModified\":\"2025-11-13T14:53:18+00:00\",\"breadcrumb\":{\"@id\":\"https:\/\/www.scoalagheorghelazar.ro\/?page_id=8298#breadcrumb\"},\"inLanguage\":\"ro-RO\",\"potentialAction\":[{\"@type\":\"ReadAction\",\"target\":[\"https:\/\/www.scoalagheorghelazar.ro\/?page_id=8298\"]}]},{\"@type\":\"BreadcrumbList\",\"@id\":\"https:\/\/www.scoalagheorghelazar.ro\/?page_id=8298#breadcrumb\",\"itemListElement\":[{\"@type\":\"ListItem\",\"position\":1,\"item\":{\"@type\":\"WebPage\",\"@id\":\"https:\/\/www.scoalagheorghelazar.ro\/\",\"url\":\"https:\/\/www.scoalagheorghelazar.ro\/\",\"name\":\"Prima pagin\\u0103\"}},{\"@type\":\"ListItem\",\"position\":2,\"item\":{\"@type\":\"WebPage\",\"@id\":\"https:\/\/www.scoalagheorghelazar.ro\/?page_id=8298\",\"url\":\"https:\/\/www.scoalagheorghelazar.ro\/?page_id=8298\",\"name\":\"Personal\"}}]}]}<\/script>\n<!-- \/ Yoast SEO plugin. -->","_links":{"self":[{"href":"https:\/\/www.scoalagheorghelazar.ro\/index.php?rest_route=\/wp\/v2\/pages\/8298","targetHints":{"allow":["GET"]}}],"collection":[{"href":"https:\/\/www.scoalagheorghelazar.ro\/index.php?rest_route=\/wp\/v2\/pages"}],"about":[{"href":"https:\/\/www.scoalagheorghelazar.ro\/index.php?rest_route=\/wp\/v2\/types\/page"}],"author":[{"embeddable":true,"href":"https:\/\/www.scoalagheorghelazar.ro\/index.php?rest_route=\/wp\/v2\/users\/1"}],"replies":[{"embeddable":true,"href":"https:\/\/www.scoalagheorghelazar.ro\/index.php?rest_route=%2Fwp%2Fv2%2Fcomments&post=8298"}],"version-history":[{"count":8,"href":"https:\/\/www.scoalagheorghelazar.ro\/index.php?rest_route=\/wp\/v2\/pages\/8298\/revisions"}],"predecessor-version":[{"id":9934,"href":"https:\/\/www.scoalagheorghelazar.ro\/index.php?rest_route=\/wp\/v2\/pages\/8298\/revisions\/9934"}],"wp:attachment":[{"href":"https:\/\/www.scoalagheorghelazar.ro\/index.php?rest_route=%2Fwp%2Fv2%2Fmedia&parent=8298"}],"curies":[{"name":"wp","href":"https:\/\/api.w.org\/{rel}","templated":true}]}}